{"id":80,"date":"2025-10-30T10:36:27","date_gmt":"2025-10-30T10:36:27","guid":{"rendered":"https:\/\/gefer.es\/?page_id=80"},"modified":"2026-02-26T10:00:10","modified_gmt":"2026-02-26T10:00:10","slug":"implantacion-de-ia","status":"publish","type":"page","link":"https:\/\/gefer.es\/?page_id=80","title":{"rendered":"Implantaci\u00f3n de IA"},"content":{"rendered":"\t\t<div data-elementor-type=\"wp-page\" data-elementor-id=\"80\" class=\"elementor elementor-80\" data-elementor-post-type=\"page\">\n\t\t\t\t<div class=\"elementor-element elementor-element-1833815 e-con-full e-flex e-con e-parent\" data-id=\"1833815\" data-element_type=\"container\" data-settings=\"{&quot;background_background&quot;:&quot;classic&quot;}\">\n\t\t\t\t<div class=\"elementor-element elementor-element-d2ea07a elementor-widget__width-initial elementor-widget elementor-widget-heading\" data-id=\"d2ea07a\" data-element_type=\"widget\" data-widget_type=\"heading.default\">\n\t\t\t\t\t<h1 class=\"elementor-heading-title elementor-size-default\">La IA es el presente<\/h1>\t\t\t\t<\/div>\n\t\t\t\t<div class=\"elementor-element elementor-element-61fc355 elementor-widget__width-initial elementor-widget-mobile__width-inherit elementor-widget elementor-widget-text-editor\" data-id=\"61fc355\" data-element_type=\"widget\" data-widget_type=\"text-editor.default\">\n\t\t\t\t\t\t\t\t\t<p>Integramos herramientas de inteligencia artificial en tus procesos para mejorar productividad, automatizar tareas, analizar datos y ayudarte a tomar mejores decisiones. Adaptamos cada soluci\u00f3n a tu proyecto para que realmente aporte valor.<\/p>\t\t\t\t\t\t\t\t<\/div>\n\t\t\t\t<div class=\"elementor-element elementor-element-25e3392 elementor-mobile-align-center elementor-widget elementor-widget-button\" data-id=\"25e3392\" data-element_type=\"widget\" data-widget_type=\"button.default\">\n\t\t\t\t\t\t\t\t\t\t<a class=\"elementor-button elementor-button-link elementor-size-sm\" href=\"#\">\n\t\t\t\t\t\t<span class=\"elementor-button-content-wrapper\">\n\t\t\t\t\t\t\t\t\t<span class=\"elementor-button-text\">Con\u00e1ctanos<\/span>\n\t\t\t\t\t<\/span>\n\t\t\t\t\t<\/a>\n\t\t\t\t\t\t\t\t<\/div>\n\t\t\t\t<\/div>\n\t\t<div class=\"elementor-element elementor-element-0fba635 e-con-full e-flex e-con e-parent\" data-id=\"0fba635\" data-element_type=\"container\" data-settings=\"{&quot;background_background&quot;:&quot;classic&quot;}\">\n\t\t<div class=\"elementor-element elementor-element-4970b47 e-con-full e-flex e-con e-child\" data-id=\"4970b47\" data-element_type=\"container\">\n\t\t\t\t<div class=\"elementor-element elementor-element-7ca2fa7 elementor-widget__width-auto elementor-widget-mobile__width-inherit elementor-widget elementor-widget-heading\" data-id=\"7ca2fa7\" data-element_type=\"widget\" data-widget_type=\"heading.default\">\n\t\t\t\t\t<h2 class=\"elementor-heading-title elementor-size-default\">\u00bfQu\u00e9 ofrecemos?<\/h2>\t\t\t\t<\/div>\n\t\t\t\t<\/div>\n\t\t<div class=\"elementor-element elementor-element-85c9559 e-con-full e-flex e-con e-child\" data-id=\"85c9559\" data-element_type=\"container\">\n\t\t<div class=\"elementor-element elementor-element-0a893b7 e-con-full e-flex e-con e-child\" data-id=\"0a893b7\" data-element_type=\"container\">\n\t\t\t\t<div class=\"elementor-element elementor-element-8be8e00 elementor-widget__width-auto elementor-widget-mobile__width-inherit elementor-invisible elementor-widget elementor-widget-heading\" data-id=\"8be8e00\" data-element_type=\"widget\" data-settings=\"{&quot;_animation&quot;:&quot;fadeInRight&quot;}\" data-widget_type=\"heading.default\">\n\t\t\t\t\t<p class=\"elementor-heading-title elementor-size-default\">01<\/p>\t\t\t\t<\/div>\n\t\t<div class=\"elementor-element elementor-element-7d1abbf e-con-full e-flex e-con e-child\" data-id=\"7d1abbf\" data-element_type=\"container\">\n\t\t\t\t<div class=\"elementor-element elementor-element-5094bb4 elementor-widget elementor-widget-heading\" data-id=\"5094bb4\" data-element_type=\"widget\" data-widget_type=\"heading.default\">\n\t\t\t\t\t<h3 class=\"elementor-heading-title elementor-size-default\">Automatizaci\u00f3n de Atenci\u00f3n al Cliente<\/h3>\t\t\t\t<\/div>\n\t\t\t\t<div class=\"elementor-element elementor-element-aa14a30 elementor-widget elementor-widget-text-editor\" data-id=\"aa14a30\" data-element_type=\"widget\" data-widget_type=\"text-editor.default\">\n\t\t\t\t\t\t\t\t\t<p data-start=\"134\" data-end=\"373\">Implementamos asistentes virtuales que atienden a tus clientes 24\/7 por WhatsApp, web y redes sociales.<br data-start=\"237\" data-end=\"240\" \/>Responden preguntas frecuentes, gestionan pedidos y reducen la carga de tu equipo.<br data-start=\"322\" data-end=\"325\" \/>Atenci\u00f3n r\u00e1pida, constante y sin complicaciones.<\/p>\t\t\t\t\t\t\t\t<\/div>\n\t\t\t\t<\/div>\n\t\t\t\t<\/div>\n\t\t<div class=\"elementor-element elementor-element-2ea6d5a e-con-full e-flex e-con e-child\" data-id=\"2ea6d5a\" data-element_type=\"container\">\n\t\t\t\t<div class=\"elementor-element elementor-element-e93ad6d elementor-widget__width-auto elementor-widget-mobile__width-inherit elementor-invisible elementor-widget elementor-widget-heading\" data-id=\"e93ad6d\" data-element_type=\"widget\" data-settings=\"{&quot;_animation&quot;:&quot;fadeInRight&quot;}\" data-widget_type=\"heading.default\">\n\t\t\t\t\t<p class=\"elementor-heading-title elementor-size-default\">02<\/p>\t\t\t\t<\/div>\n\t\t<div class=\"elementor-element elementor-element-5a1a493 e-con-full e-flex e-con e-child\" data-id=\"5a1a493\" data-element_type=\"container\">\n\t\t\t\t<div class=\"elementor-element elementor-element-0590dd6 elementor-widget elementor-widget-heading\" data-id=\"0590dd6\" data-element_type=\"widget\" data-widget_type=\"heading.default\">\n\t\t\t\t\t<h3 class=\"elementor-heading-title elementor-size-default\">Automatizaci\u00f3n de Procesos (RPA + IA)<\/h3>\t\t\t\t<\/div>\n\t\t\t\t<div class=\"elementor-element elementor-element-511e361 elementor-widget elementor-widget-text-editor\" data-id=\"511e361\" data-element_type=\"widget\" data-widget_type=\"text-editor.default\">\n\t\t\t\t\t\t\t\t\t<p>Automatizamos tareas repetitivas como facturaci\u00f3n, registro de datos y gesti\u00f3n de documentos. La IA hace el trabajo por ti: preciso, r\u00e1pido y sin errores.<br data-start=\"588\" data-end=\"591\" \/>Menos tiempo en tareas administrativas, m\u00e1s foco en lo importante.<\/p>\t\t\t\t\t\t\t\t<\/div>\n\t\t\t\t<\/div>\n\t\t\t\t<\/div>\n\t\t<div class=\"elementor-element elementor-element-8b5f19b e-con-full e-flex e-con e-child\" data-id=\"8b5f19b\" data-element_type=\"container\">\n\t\t\t\t<div class=\"elementor-element elementor-element-879a5cb elementor-widget__width-auto elementor-widget-mobile__width-inherit elementor-invisible elementor-widget elementor-widget-heading\" data-id=\"879a5cb\" data-element_type=\"widget\" data-settings=\"{&quot;_animation&quot;:&quot;fadeInRight&quot;}\" data-widget_type=\"heading.default\">\n\t\t\t\t\t<p class=\"elementor-heading-title elementor-size-default\">03<\/p>\t\t\t\t<\/div>\n\t\t<div class=\"elementor-element elementor-element-cd439f8 e-con-full e-flex e-con e-child\" data-id=\"cd439f8\" data-element_type=\"container\">\n\t\t\t\t<div class=\"elementor-element elementor-element-0de58e8 elementor-widget elementor-widget-heading\" data-id=\"0de58e8\" data-element_type=\"widget\" data-widget_type=\"heading.default\">\n\t\t\t\t\t<h3 class=\"elementor-heading-title elementor-size-default\">Optimizaci\u00f3n Operativa<\/h3>\t\t\t\t<\/div>\n\t\t\t\t<div class=\"elementor-element elementor-element-36d0e3e elementor-widget elementor-widget-text-editor\" data-id=\"36d0e3e\" data-element_type=\"widget\" data-widget_type=\"text-editor.default\">\n\t\t\t\t\t\t\t\t\t<p>Usamos IA para mejorar tus operaciones: rutas m\u00e1s eficientes, mejor planificaci\u00f3n de personal y control inteligente de inventarios.<br data-start=\"832\" data-end=\"835\" \/>Decisiones m\u00e1s r\u00e1pidas, costos m\u00e1s bajos y resultados m\u00e1s \u00f3ptimos.<br data-start=\"901\" data-end=\"904\" \/>Tu negocio, funcionando al m\u00e1ximo rendimiento.<\/p>\t\t\t\t\t\t\t\t<\/div>\n\t\t\t\t<\/div>\n\t\t\t\t<\/div>\n\t\t\t\t<\/div>\n\t\t<div class=\"elementor-element elementor-element-e05d2bb e-con-full e-flex e-con e-child\" data-id=\"e05d2bb\" data-element_type=\"container\">\n\t\t<div class=\"elementor-element elementor-element-99bc069 e-con-full e-flex e-con e-child\" data-id=\"99bc069\" data-element_type=\"container\">\n\t\t\t\t<div class=\"elementor-element elementor-element-5945d04 elementor-widget__width-auto elementor-widget-mobile__width-inherit elementor-invisible elementor-widget elementor-widget-heading\" data-id=\"5945d04\" data-element_type=\"widget\" data-settings=\"{&quot;_animation&quot;:&quot;fadeInRight&quot;}\" data-widget_type=\"heading.default\">\n\t\t\t\t\t<p class=\"elementor-heading-title elementor-size-default\">04<\/p>\t\t\t\t<\/div>\n\t\t<div class=\"elementor-element elementor-element-28e345d e-con-full e-flex e-con e-child\" data-id=\"28e345d\" data-element_type=\"container\">\n\t\t\t\t<div class=\"elementor-element elementor-element-e7aaa52 elementor-widget elementor-widget-heading\" data-id=\"e7aaa52\" data-element_type=\"widget\" data-widget_type=\"heading.default\">\n\t\t\t\t\t<h3 class=\"elementor-heading-title elementor-size-default\">An\u00e1lisis Inteligente de Datos<\/h3>\t\t\t\t<\/div>\n\t\t\t\t<div class=\"elementor-element elementor-element-8d58308 elementor-widget elementor-widget-text-editor\" data-id=\"8d58308\" data-element_type=\"widget\" data-widget_type=\"text-editor.default\">\n\t\t\t\t\t\t\t\t\t<p>Transformamos tus datos en informaci\u00f3n \u00fatil con herramientas de IA.<br data-start=\"187\" data-end=\"190\" \/>Detectamos patrones, tendencias y oportunidades que impulsan tus ventas.<br data-start=\"262\" data-end=\"265\" \/>Decisiones m\u00e1s claras, basadas en datos reales.<\/p>\t\t\t\t\t\t\t\t<\/div>\n\t\t\t\t<\/div>\n\t\t\t\t<\/div>\n\t\t<div class=\"elementor-element elementor-element-9c99a5e e-con-full e-flex e-con e-child\" data-id=\"9c99a5e\" data-element_type=\"container\">\n\t\t\t\t<div class=\"elementor-element elementor-element-06df302 elementor-widget__width-auto elementor-widget-mobile__width-inherit elementor-invisible elementor-widget elementor-widget-heading\" data-id=\"06df302\" data-element_type=\"widget\" data-settings=\"{&quot;_animation&quot;:&quot;fadeInRight&quot;}\" data-widget_type=\"heading.default\">\n\t\t\t\t\t<p class=\"elementor-heading-title elementor-size-default\">05<\/p>\t\t\t\t<\/div>\n\t\t<div class=\"elementor-element elementor-element-a1452e7 e-con-full e-flex e-con e-child\" data-id=\"a1452e7\" data-element_type=\"container\">\n\t\t\t\t<div class=\"elementor-element elementor-element-bc731c3 elementor-widget elementor-widget-heading\" data-id=\"bc731c3\" data-element_type=\"widget\" data-widget_type=\"heading.default\">\n\t\t\t\t\t<h3 class=\"elementor-heading-title elementor-size-default\">Marketing Automatizado<\/h3>\t\t\t\t<\/div>\n\t\t\t\t<div class=\"elementor-element elementor-element-febf580 elementor-widget elementor-widget-text-editor\" data-id=\"febf580\" data-element_type=\"widget\" data-widget_type=\"text-editor.default\">\n\t\t\t\t\t\t\t\t\t<p>Creamos campa\u00f1as que se adaptan autom\u00e1ticamente al comportamiento de tus clientes.<br data-start=\"438\" data-end=\"441\" \/>Emails, mensajes y anuncios personalizados sin esfuerzo.<br data-start=\"497\" data-end=\"500\" \/>M\u00e1s alcance, m\u00e1s ventas y menos trabajo manual.<\/p>\t\t\t\t\t\t\t\t<\/div>\n\t\t\t\t<\/div>\n\t\t\t\t<\/div>\n\t\t<div class=\"elementor-element elementor-element-2cc1258 e-con-full e-flex e-con e-child\" data-id=\"2cc1258\" data-element_type=\"container\">\n\t\t\t\t<div class=\"elementor-element elementor-element-79ddeb5 elementor-widget__width-auto elementor-widget-mobile__width-inherit elementor-invisible elementor-widget elementor-widget-heading\" data-id=\"79ddeb5\" data-element_type=\"widget\" data-settings=\"{&quot;_animation&quot;:&quot;fadeInRight&quot;}\" data-widget_type=\"heading.default\">\n\t\t\t\t\t<p class=\"elementor-heading-title elementor-size-default\">06<\/p>\t\t\t\t<\/div>\n\t\t<div class=\"elementor-element elementor-element-d909371 e-con-full e-flex e-con e-child\" data-id=\"d909371\" data-element_type=\"container\">\n\t\t\t\t<div class=\"elementor-element elementor-element-e85dc29 elementor-widget elementor-widget-heading\" data-id=\"e85dc29\" data-element_type=\"widget\" data-widget_type=\"heading.default\">\n\t\t\t\t\t<h3 class=\"elementor-heading-title elementor-size-default\">Sistemas de Recomendaci\u00f3n<\/h3>\t\t\t\t<\/div>\n\t\t\t\t<div class=\"elementor-element elementor-element-555dcec elementor-widget elementor-widget-text-editor\" data-id=\"555dcec\" data-element_type=\"widget\" data-widget_type=\"text-editor.default\">\n\t\t\t\t\t\t\t\t\t<p>Implementamos motores que recomiendan productos seg\u00fan los gustos de cada cliente.<br data-start=\"675\" data-end=\"678\" \/>Aumenta el ticket promedio, mejora la experiencia y fideliza a tu audiencia.<br data-start=\"754\" data-end=\"757\" \/>Recomendaciones precisas, ventas m\u00e1s altas.<\/p>\t\t\t\t\t\t\t\t<\/div>\n\t\t\t\t<\/div>\n\t\t\t\t<\/div>\n\t\t\t\t<\/div>\n\t\t\t\t<\/div>\n\t\t\t\t<\/div>\n\t\t","protected":false},"excerpt":{"rendered":"<p>La IA es el presente Integramos herramientas de inteligencia artificial en tus procesos para mejorar productividad, automatizar tareas, analizar datos y ayudarte a tomar mejores decisiones. Adaptamos cada soluci\u00f3n a tu proyecto para que realmente aporte valor. Con\u00e1ctanos \u00bfQu\u00e9 ofrecemos? 01 Automatizaci\u00f3n de Atenci\u00f3n al Cliente Implementamos asistentes virtuales que atienden a tus clientes 24\/7 [&hellip;]<\/p>\n","protected":false},"author":1,"featured_media":0,"parent":0,"menu_order":0,"comment_status":"closed","ping_status":"closed","template":"","meta":{"footnotes":""},"class_list":["post-80","page","type-page","status-publish","hentry"],"yoast_head":"<!-- This site is optimized with the Yoast SEO plugin v26.2 - https:\/\/yoast.com\/wordpress\/plugins\/seo\/ -->\n<title>Implantaci\u00f3n de IA - Gefer Studio<\/title>\n<meta name=\"robots\" content=\"index, follow, max-snippet:-1, max-image-preview:large, max-video-preview:-1\" \/>\n<link rel=\"canonical\" href=\"https:\/\/gefer.es\/?page_id=80\" \/>\n<meta property=\"og:locale\" content=\"es_ES\" \/>\n<meta property=\"og:type\" content=\"article\" \/>\n<meta property=\"og:title\" content=\"Implantaci\u00f3n de IA - Gefer Studio\" \/>\n<meta property=\"og:description\" content=\"La IA es el presente Integramos herramientas de inteligencia artificial en tus procesos para mejorar productividad, automatizar tareas, analizar datos y ayudarte a tomar mejores decisiones. Adaptamos cada soluci\u00f3n a tu proyecto para que realmente aporte valor. Con\u00e1ctanos \u00bfQu\u00e9 ofrecemos? 01 Automatizaci\u00f3n de Atenci\u00f3n al Cliente Implementamos asistentes virtuales que atienden a tus clientes 24\/7 [&hellip;]\" \/>\n<meta property=\"og:url\" content=\"https:\/\/gefer.es\/?page_id=80\" \/>\n<meta property=\"og:site_name\" content=\"Gefer Studio\" \/>\n<meta property=\"article:modified_time\" content=\"2026-02-26T10:00:10+00:00\" \/>\n<meta name=\"twitter:card\" content=\"summary_large_image\" \/>\n<meta name=\"twitter:label1\" content=\"Tiempo de lectura\" \/>\n\t<meta name=\"twitter:data1\" content=\"2 minutos\" \/>\n<script type=\"application\/ld+json\" class=\"yoast-schema-graph\">{\"@context\":\"https:\/\/schema.org\",\"@graph\":[{\"@type\":\"WebPage\",\"@id\":\"https:\/\/gefer.es\/?page_id=80\",\"url\":\"https:\/\/gefer.es\/?page_id=80\",\"name\":\"Implantaci\u00f3n de IA - Gefer Studio\",\"isPartOf\":{\"@id\":\"https:\/\/gefer.es\/#website\"},\"datePublished\":\"2025-10-30T10:36:27+00:00\",\"dateModified\":\"2026-02-26T10:00:10+00:00\",\"breadcrumb\":{\"@id\":\"https:\/\/gefer.es\/?page_id=80#breadcrumb\"},\"inLanguage\":\"es\",\"potentialAction\":[{\"@type\":\"ReadAction\",\"target\":[\"https:\/\/gefer.es\/?page_id=80\"]}]},{\"@type\":\"BreadcrumbList\",\"@id\":\"https:\/\/gefer.es\/?page_id=80#breadcrumb\",\"itemListElement\":[{\"@type\":\"ListItem\",\"position\":1,\"name\":\"Portada\",\"item\":\"https:\/\/gefer.es\/\"},{\"@type\":\"ListItem\",\"position\":2,\"name\":\"Implantaci\u00f3n de IA\"}]},{\"@type\":\"WebSite\",\"@id\":\"https:\/\/gefer.es\/#website\",\"url\":\"https:\/\/gefer.es\/\",\"name\":\"Gefer Studio\",\"description\":\"\",\"publisher\":{\"@id\":\"https:\/\/gefer.es\/#organization\"},\"potentialAction\":[{\"@type\":\"SearchAction\",\"target\":{\"@type\":\"EntryPoint\",\"urlTemplate\":\"https:\/\/gefer.es\/?s={search_term_string}\"},\"query-input\":{\"@type\":\"PropertyValueSpecification\",\"valueRequired\":true,\"valueName\":\"search_term_string\"}}],\"inLanguage\":\"es\"},{\"@type\":\"Organization\",\"@id\":\"https:\/\/gefer.es\/#organization\",\"name\":\"Gefer Studio\",\"url\":\"https:\/\/gefer.es\/\",\"logo\":{\"@type\":\"ImageObject\",\"inLanguage\":\"es\",\"@id\":\"https:\/\/gefer.es\/#\/schema\/logo\/image\/\",\"url\":\"https:\/\/gefer.es\/wp-content\/uploads\/2025\/10\/gefer-logo.png\",\"contentUrl\":\"https:\/\/gefer.es\/wp-content\/uploads\/2025\/10\/gefer-logo.png\",\"width\":655,\"height\":376,\"caption\":\"Gefer Studio\"},\"image\":{\"@id\":\"https:\/\/gefer.es\/#\/schema\/logo\/image\/\"}}]}<\/script>\n<!-- \/ Yoast SEO plugin. -->","yoast_head_json":{"title":"Implantaci\u00f3n de IA - Gefer Studio","robots":{"index":"index","follow":"follow","max-snippet":"max-snippet:-1","max-image-preview":"max-image-preview:large","max-video-preview":"max-video-preview:-1"},"canonical":"https:\/\/gefer.es\/?page_id=80","og_locale":"es_ES","og_type":"article","og_title":"Implantaci\u00f3n de IA - Gefer Studio","og_description":"La IA es el presente Integramos herramientas de inteligencia artificial en tus procesos para mejorar productividad, automatizar tareas, analizar datos y ayudarte a tomar mejores decisiones. Adaptamos cada soluci\u00f3n a tu proyecto para que realmente aporte valor. Con\u00e1ctanos \u00bfQu\u00e9 ofrecemos? 01 Automatizaci\u00f3n de Atenci\u00f3n al Cliente Implementamos asistentes virtuales que atienden a tus clientes 24\/7 [&hellip;]","og_url":"https:\/\/gefer.es\/?page_id=80","og_site_name":"Gefer Studio","article_modified_time":"2026-02-26T10:00:10+00:00","twitter_card":"summary_large_image","twitter_misc":{"Tiempo de lectura":"2 minutos"},"schema":{"@context":"https:\/\/schema.org","@graph":[{"@type":"WebPage","@id":"https:\/\/gefer.es\/?page_id=80","url":"https:\/\/gefer.es\/?page_id=80","name":"Implantaci\u00f3n de IA - Gefer Studio","isPartOf":{"@id":"https:\/\/gefer.es\/#website"},"datePublished":"2025-10-30T10:36:27+00:00","dateModified":"2026-02-26T10:00:10+00:00","breadcrumb":{"@id":"https:\/\/gefer.es\/?page_id=80#breadcrumb"},"inLanguage":"es","potentialAction":[{"@type":"ReadAction","target":["https:\/\/gefer.es\/?page_id=80"]}]},{"@type":"BreadcrumbList","@id":"https:\/\/gefer.es\/?page_id=80#breadcrumb","itemListElement":[{"@type":"ListItem","position":1,"name":"Portada","item":"https:\/\/gefer.es\/"},{"@type":"ListItem","position":2,"name":"Implantaci\u00f3n de IA"}]},{"@type":"WebSite","@id":"https:\/\/gefer.es\/#website","url":"https:\/\/gefer.es\/","name":"Gefer Studio","description":"","publisher":{"@id":"https:\/\/gefer.es\/#organization"},"potentialAction":[{"@type":"SearchAction","target":{"@type":"EntryPoint","urlTemplate":"https:\/\/gefer.es\/?s={search_term_string}"},"query-input":{"@type":"PropertyValueSpecification","valueRequired":true,"valueName":"search_term_string"}}],"inLanguage":"es"},{"@type":"Organization","@id":"https:\/\/gefer.es\/#organization","name":"Gefer Studio","url":"https:\/\/gefer.es\/","logo":{"@type":"ImageObject","inLanguage":"es","@id":"https:\/\/gefer.es\/#\/schema\/logo\/image\/","url":"https:\/\/gefer.es\/wp-content\/uploads\/2025\/10\/gefer-logo.png","contentUrl":"https:\/\/gefer.es\/wp-content\/uploads\/2025\/10\/gefer-logo.png","width":655,"height":376,"caption":"Gefer Studio"},"image":{"@id":"https:\/\/gefer.es\/#\/schema\/logo\/image\/"}}]}},"_links":{"self":[{"href":"https:\/\/gefer.es\/index.php?rest_route=\/wp\/v2\/pages\/80","targetHints":{"allow":["GET"]}}],"collection":[{"href":"https:\/\/gefer.es\/index.php?rest_route=\/wp\/v2\/pages"}],"about":[{"href":"https:\/\/gefer.es\/index.php?rest_route=\/wp\/v2\/types\/page"}],"author":[{"embeddable":true,"href":"https:\/\/gefer.es\/index.php?rest_route=\/wp\/v2\/users\/1"}],"replies":[{"embeddable":true,"href":"https:\/\/gefer.es\/index.php?rest_route=%2Fwp%2Fv2%2Fcomments&post=80"}],"version-history":[{"count":25,"href":"https:\/\/gefer.es\/index.php?rest_route=\/wp\/v2\/pages\/80\/revisions"}],"predecessor-version":[{"id":409,"href":"https:\/\/gefer.es\/index.php?rest_route=\/wp\/v2\/pages\/80\/revisions\/409"}],"wp:attachment":[{"href":"https:\/\/gefer.es\/index.php?rest_route=%2Fwp%2Fv2%2Fmedia&parent=80"}],"curies":[{"name":"wp","href":"https:\/\/api.w.org\/{rel}","templated":true}]}}