{"id":84,"date":"2025-10-30T10:37:02","date_gmt":"2025-10-30T10:37:02","guid":{"rendered":"https:\/\/gefer.es\/?page_id=84"},"modified":"2025-11-18T10:25:41","modified_gmt":"2025-11-18T10:25:41","slug":"tienda-online","status":"publish","type":"page","link":"https:\/\/gefer.es\/?page_id=84","title":{"rendered":"Tienda online"},"content":{"rendered":"\t\t<div data-elementor-type=\"wp-page\" data-elementor-id=\"84\" class=\"elementor elementor-84\" data-elementor-post-type=\"page\">\n\t\t\t\t<div class=\"elementor-element elementor-element-44003ee e-con-full e-flex e-con e-parent\" data-id=\"44003ee\" data-element_type=\"container\" data-settings=\"{&quot;background_background&quot;:&quot;classic&quot;}\">\n\t\t\t\t<div class=\"elementor-element elementor-element-7578d86 elementor-widget__width-initial elementor-widget elementor-widget-heading\" data-id=\"7578d86\" data-element_type=\"widget\" data-widget_type=\"heading.default\">\n\t\t\t\t\t<h1 class=\"elementor-heading-title elementor-size-default\">Tienda online<\/h1>\t\t\t\t<\/div>\n\t\t\t\t<div class=\"elementor-element elementor-element-554808c elementor-widget__width-initial elementor-widget-mobile__width-inherit elementor-widget elementor-widget-text-editor\" data-id=\"554808c\" data-element_type=\"widget\" data-widget_type=\"text-editor.default\">\n\t\t\t\t\t\t\t\t\t<p>Los productos y servicios de GeFer est\u00e1n pensados para ayudarte a construir una presencia digital s\u00f3lida: webs, hosting y prototipos listos para avanzar.<\/p>\t\t\t\t\t\t\t\t<\/div>\n\t\t\t\t<\/div>\n\t\t<div class=\"elementor-element elementor-element-d7730ab e-con-full e-flex e-con e-parent\" data-id=\"d7730ab\" data-element_type=\"container\" data-settings=\"{&quot;background_background&quot;:&quot;classic&quot;}\">\n\t\t\t\t<div class=\"elementor-element elementor-element-6b14218 elementor-widget elementor-widget-heading\" data-id=\"6b14218\" data-element_type=\"widget\" data-widget_type=\"heading.default\">\n\t\t\t\t\t<h2 class=\"elementor-heading-title elementor-size-default\">\u00bfQu\u00e9 ofrecemos?<\/h2>\t\t\t\t<\/div>\n\t\t\t\t<div class=\"elementor-element elementor-element-2938c32 elementor-widget__width-initial elementor-widget-mobile__width-inherit elementor-widget elementor-widget-text-editor\" data-id=\"2938c32\" data-element_type=\"widget\" data-widget_type=\"text-editor.default\">\n\t\t\t\t\t\t\t\t\t<p>En GeFer nos encargamos de crear p\u00e1ginas webs ideales para cualquier negocio.<\/p>\t\t\t\t\t\t\t\t<\/div>\n\t\t<div class=\"elementor-element elementor-element-b427a33 e-flex e-con-boxed e-con e-child\" data-id=\"b427a33\" data-element_type=\"container\">\n\t\t\t\t\t<div class=\"e-con-inner\">\n\t\t<div class=\"elementor-element elementor-element-014067c e-con-full e-flex e-con e-child\" data-id=\"014067c\" data-element_type=\"container\" data-settings=\"{&quot;background_background&quot;:&quot;classic&quot;}\">\n\t\t\t\t<div class=\"elementor-element elementor-element-ebb7af3 elementor-widget elementor-widget-heading\" data-id=\"ebb7af3\" data-element_type=\"widget\" data-widget_type=\"heading.default\">\n\t\t\t\t\t<h3 class=\"elementor-heading-title elementor-size-default\">Dise\u00f1o web y hosting<\/h3>\t\t\t\t<\/div>\n\t\t\t\t<div class=\"elementor-element elementor-element-c7f0976 elementor-widget elementor-widget-text-editor\" data-id=\"c7f0976\" data-element_type=\"widget\" data-widget_type=\"text-editor.default\">\n\t\t\t\t\t\t\t\t\t<p>En GeFer nos encargamos de crear p\u00e1ginas web desde cero, ocup\u00e1ndonos de todo el proceso para que t\u00fa no tengas que preocuparte por nada. Dise\u00f1amos, desarrollamos y configuramos tu web completa, incluyendo tambi\u00e9n el servicio de hosting, para que tu proyecto funcione de forma estable y profesional desde el primer d\u00eda.<\/p>\t\t\t\t\t\t\t\t<\/div>\n\t\t\t\t<div class=\"elementor-element elementor-element-e814be7 elementor-widget elementor-widget-button\" data-id=\"e814be7\" data-element_type=\"widget\" data-widget_type=\"button.default\">\n\t\t\t\t\t\t\t\t\t\t<a class=\"elementor-button elementor-button-link elementor-size-sm\" href=\"#\">\n\t\t\t\t\t\t<span class=\"elementor-button-content-wrapper\">\n\t\t\t\t\t\t\t\t\t<span class=\"elementor-button-text\">Solicitar<\/span>\n\t\t\t\t\t<\/span>\n\t\t\t\t\t<\/a>\n\t\t\t\t\t\t\t\t<\/div>\n\t\t\t\t<\/div>\n\t\t<div class=\"elementor-element elementor-element-4f099df e-con-full e-flex e-con e-child\" data-id=\"4f099df\" data-element_type=\"container\" data-settings=\"{&quot;background_background&quot;:&quot;classic&quot;}\">\n\t\t\t\t<div class=\"elementor-element elementor-element-3e95fc4 elementor-widget elementor-widget-heading\" data-id=\"3e95fc4\" data-element_type=\"widget\" data-widget_type=\"heading.default\">\n\t\t\t\t\t<h3 class=\"elementor-heading-title elementor-size-default\">Prototipado en Figma<\/h3>\t\t\t\t<\/div>\n\t\t\t\t<div class=\"elementor-element elementor-element-efddfc9 elementor-widget elementor-widget-text-editor\" data-id=\"efddfc9\" data-element_type=\"widget\" data-widget_type=\"text-editor.default\">\n\t\t\t\t\t\t\t\t\t<p>Adem\u00e1s, realizamos prototipos detallados en Figma, con todo el an\u00e1lisis previo necesario: estructura, usabilidad, experiencia de usuario y dise\u00f1o visual. Esto nos permite planificar cada parte de tu web antes de desarrollarla, asegurando un resultado coherente, funcional y alineado contigo.<\/p>\t\t\t\t\t\t\t\t<\/div>\n\t\t\t\t<div class=\"elementor-element elementor-element-d95572d elementor-widget elementor-widget-button\" data-id=\"d95572d\" data-element_type=\"widget\" data-widget_type=\"button.default\">\n\t\t\t\t\t\t\t\t\t\t<a class=\"elementor-button elementor-button-link elementor-size-sm\" href=\"#\">\n\t\t\t\t\t\t<span class=\"elementor-button-content-wrapper\">\n\t\t\t\t\t\t\t\t\t<span class=\"elementor-button-text\">Solicitar<\/span>\n\t\t\t\t\t<\/span>\n\t\t\t\t\t<\/a>\n\t\t\t\t\t\t\t\t<\/div>\n\t\t\t\t<\/div>\n\t\t<div class=\"elementor-element elementor-element-2ab1b75 e-con-full e-flex e-con e-child\" data-id=\"2ab1b75\" data-element_type=\"container\" data-settings=\"{&quot;background_background&quot;:&quot;classic&quot;}\">\n\t\t\t\t<div class=\"elementor-element elementor-element-e40e117 elementor-widget elementor-widget-heading\" data-id=\"e40e117\" data-element_type=\"widget\" data-widget_type=\"heading.default\">\n\t\t\t\t\t<h3 class=\"elementor-heading-title elementor-size-default\">Mantenimiento de tu web<\/h3>\t\t\t\t<\/div>\n\t\t\t\t<div class=\"elementor-element elementor-element-bf891b3 elementor-widget elementor-widget-text-editor\" data-id=\"bf891b3\" data-element_type=\"widget\" data-widget_type=\"text-editor.default\">\n\t\t\t\t\t\t\t\t\t<p>Tambi\u00e9n ofrecemos un servicio de mantenimiento, ideal para mantener tu web actualizada, segura y en buen estado con el paso del tiempo. Nos encargamos de los ajustes, mejoras y soporte que tu sitio necesite.<\/p>\t\t\t\t\t\t\t\t<\/div>\n\t\t\t\t<div class=\"elementor-element elementor-element-f309f88 elementor-widget elementor-widget-button\" data-id=\"f309f88\" data-element_type=\"widget\" data-widget_type=\"button.default\">\n\t\t\t\t\t\t\t\t\t\t<a class=\"elementor-button elementor-button-link elementor-size-sm\" href=\"#\">\n\t\t\t\t\t\t<span class=\"elementor-button-content-wrapper\">\n\t\t\t\t\t\t\t\t\t<span class=\"elementor-button-text\">Solicitar<\/span>\n\t\t\t\t\t<\/span>\n\t\t\t\t\t<\/a>\n\t\t\t\t\t\t\t\t<\/div>\n\t\t\t\t<\/div>\n\t\t\t\t\t<\/div>\n\t\t\t\t<\/div>\n\t\t\t\t<\/div>\n\t\t<div class=\"elementor-element elementor-element-6e627f8 e-con-full e-flex e-con e-parent\" data-id=\"6e627f8\" data-element_type=\"container\" data-settings=\"{&quot;background_background&quot;:&quot;classic&quot;}\">\n\t\t\t\t<div class=\"elementor-element elementor-element-2fbc560 elementor-widget elementor-widget-heading\" data-id=\"2fbc560\" data-element_type=\"widget\" data-widget_type=\"heading.default\">\n\t\t\t\t\t<h2 class=\"elementor-heading-title elementor-size-default\">Bolsa de horas<\/h2>\t\t\t\t<\/div>\n\t\t\t\t<div class=\"elementor-element elementor-element-222cc80 elementor-widget__width-initial elementor-widget elementor-widget-text-editor\" data-id=\"222cc80\" data-element_type=\"widget\" data-widget_type=\"text-editor.default\">\n\t\t\t\t\t\t\t\t\t<p>Si necesitas un repaso a tu web o corregir errores completos este plan es para ti. Un contrato por horas que le dedico a tu web.<\/p>\t\t\t\t\t\t\t\t<\/div>\n\t\t<div class=\"elementor-element elementor-element-007118b e-flex e-con-boxed e-con e-child\" data-id=\"007118b\" data-element_type=\"container\">\n\t\t\t\t\t<div class=\"e-con-inner\">\n\t\t<div class=\"elementor-element elementor-element-d77463f e-con-full e-flex e-con e-child\" data-id=\"d77463f\" data-element_type=\"container\" data-settings=\"{&quot;background_background&quot;:&quot;classic&quot;}\">\n\t\t\t\t<div class=\"elementor-element elementor-element-a50c30e elementor-widget elementor-widget-heading\" data-id=\"a50c30e\" data-element_type=\"widget\" data-widget_type=\"heading.default\">\n\t\t\t\t\t<h2 class=\"elementor-heading-title elementor-size-default\">3 Horas<\/h2>\t\t\t\t<\/div>\n\t\t\t\t<div class=\"elementor-element elementor-element-26b4e3d elementor-widget elementor-widget-text-editor\" data-id=\"26b4e3d\" data-element_type=\"widget\" data-widget_type=\"text-editor.default\">\n\t\t\t\t\t\t\t\t\t<p>270\u20ac<\/p>\t\t\t\t\t\t\t\t<\/div>\n\t\t\t\t<div class=\"elementor-element elementor-element-f419f68 elementor-align-center elementor-widget elementor-widget-button\" data-id=\"f419f68\" data-element_type=\"widget\" data-widget_type=\"button.default\">\n\t\t\t\t\t\t\t\t\t\t<a class=\"elementor-button elementor-button-link elementor-size-sm\" href=\"#\">\n\t\t\t\t\t\t<span class=\"elementor-button-content-wrapper\">\n\t\t\t\t\t\t\t\t\t<span class=\"elementor-button-text\">Contrartar<\/span>\n\t\t\t\t\t<\/span>\n\t\t\t\t\t<\/a>\n\t\t\t\t\t\t\t\t<\/div>\n\t\t\t\t<\/div>\n\t\t<div class=\"elementor-element elementor-element-e9685d9 e-con-full e-flex e-con e-child\" data-id=\"e9685d9\" data-element_type=\"container\" data-settings=\"{&quot;background_background&quot;:&quot;classic&quot;}\">\n\t\t\t\t<div class=\"elementor-element elementor-element-68a2b69 elementor-widget elementor-widget-heading\" data-id=\"68a2b69\" data-element_type=\"widget\" data-widget_type=\"heading.default\">\n\t\t\t\t\t<h2 class=\"elementor-heading-title elementor-size-default\">5 Horas<\/h2>\t\t\t\t<\/div>\n\t\t\t\t<div class=\"elementor-element elementor-element-4d877b9 elementor-widget elementor-widget-text-editor\" data-id=\"4d877b9\" data-element_type=\"widget\" data-widget_type=\"text-editor.default\">\n\t\t\t\t\t\t\t\t\t<p>450\u20ac<\/p>\t\t\t\t\t\t\t\t<\/div>\n\t\t\t\t<div class=\"elementor-element elementor-element-18bf4e7 elementor-align-center elementor-widget elementor-widget-button\" data-id=\"18bf4e7\" data-element_type=\"widget\" data-widget_type=\"button.default\">\n\t\t\t\t\t\t\t\t\t\t<a class=\"elementor-button elementor-button-link elementor-size-sm\" href=\"#\">\n\t\t\t\t\t\t<span class=\"elementor-button-content-wrapper\">\n\t\t\t\t\t\t\t\t\t<span class=\"elementor-button-text\">Contrartar<\/span>\n\t\t\t\t\t<\/span>\n\t\t\t\t\t<\/a>\n\t\t\t\t\t\t\t\t<\/div>\n\t\t\t\t<\/div>\n\t\t<div class=\"elementor-element elementor-element-edafa0e e-con-full e-flex e-con e-child\" data-id=\"edafa0e\" data-element_type=\"container\" data-settings=\"{&quot;background_background&quot;:&quot;classic&quot;}\">\n\t\t\t\t<div class=\"elementor-element elementor-element-fa54542 elementor-widget elementor-widget-heading\" data-id=\"fa54542\" data-element_type=\"widget\" data-widget_type=\"heading.default\">\n\t\t\t\t\t<h2 class=\"elementor-heading-title elementor-size-default\">10 Horas<\/h2>\t\t\t\t<\/div>\n\t\t\t\t<div class=\"elementor-element elementor-element-0912043 elementor-widget elementor-widget-text-editor\" data-id=\"0912043\" data-element_type=\"widget\" data-widget_type=\"text-editor.default\">\n\t\t\t\t\t\t\t\t\t<p>750\u20ac<\/p>\t\t\t\t\t\t\t\t<\/div>\n\t\t\t\t<div class=\"elementor-element elementor-element-ed1a9c3 elementor-align-center elementor-widget elementor-widget-button\" data-id=\"ed1a9c3\" data-element_type=\"widget\" data-widget_type=\"button.default\">\n\t\t\t\t\t\t\t\t\t\t<a class=\"elementor-button elementor-button-link elementor-size-sm\" href=\"#\">\n\t\t\t\t\t\t<span class=\"elementor-button-content-wrapper\">\n\t\t\t\t\t\t\t\t\t<span class=\"elementor-button-text\">Contrartar<\/span>\n\t\t\t\t\t<\/span>\n\t\t\t\t\t<\/a>\n\t\t\t\t\t\t\t\t<\/div>\n\t\t\t\t<\/div>\n\t\t<div class=\"elementor-element elementor-element-b362238 e-con-full e-flex e-con e-child\" data-id=\"b362238\" data-element_type=\"container\" data-settings=\"{&quot;background_background&quot;:&quot;classic&quot;}\">\n\t\t\t\t<div class=\"elementor-element elementor-element-02f246a elementor-widget elementor-widget-heading\" data-id=\"02f246a\" data-element_type=\"widget\" data-widget_type=\"heading.default\">\n\t\t\t\t\t<h2 class=\"elementor-heading-title elementor-size-default\">20 Horas<\/h2>\t\t\t\t<\/div>\n\t\t\t\t<div class=\"elementor-element elementor-element-28e85f3 elementor-widget elementor-widget-text-editor\" data-id=\"28e85f3\" data-element_type=\"widget\" data-widget_type=\"text-editor.default\">\n\t\t\t\t\t\t\t\t\t<p>1300\u20ac<\/p>\t\t\t\t\t\t\t\t<\/div>\n\t\t\t\t<div class=\"elementor-element elementor-element-7d9a78a elementor-align-center elementor-widget elementor-widget-button\" data-id=\"7d9a78a\" data-element_type=\"widget\" data-widget_type=\"button.default\">\n\t\t\t\t\t\t\t\t\t\t<a class=\"elementor-button elementor-button-link elementor-size-sm\" href=\"#\">\n\t\t\t\t\t\t<span class=\"elementor-button-content-wrapper\">\n\t\t\t\t\t\t\t\t\t<span class=\"elementor-button-text\">Contrartar<\/span>\n\t\t\t\t\t<\/span>\n\t\t\t\t\t<\/a>\n\t\t\t\t\t\t\t\t<\/div>\n\t\t\t\t<\/div>\n\t\t\t\t\t<\/div>\n\t\t\t\t<\/div>\n\t\t\t\t<\/div>\n\t\t\t\t<\/div>\n\t\t","protected":false},"excerpt":{"rendered":"<p>Tienda online Los productos y servicios de GeFer est\u00e1n pensados para ayudarte a construir una presencia digital s\u00f3lida: webs, hosting y prototipos listos para avanzar. \u00bfQu\u00e9 ofrecemos? En GeFer nos encargamos de crear p\u00e1ginas webs ideales para cualquier negocio. Dise\u00f1o web y hosting En GeFer nos encargamos de crear p\u00e1ginas web desde cero, ocup\u00e1ndonos de [&hellip;]<\/p>\n","protected":false},"author":1,"featured_media":0,"parent":0,"menu_order":0,"comment_status":"closed","ping_status":"closed","template":"","meta":{"footnotes":""},"class_list":["post-84","page","type-page","status-publish","hentry"],"yoast_head":"<!-- This site is optimized with the Yoast SEO plugin v26.2 - https:\/\/yoast.com\/wordpress\/plugins\/seo\/ -->\n<title>Tienda online - Gefer Studio<\/title>\n<meta name=\"robots\" content=\"index, follow, max-snippet:-1, max-image-preview:large, max-video-preview:-1\" \/>\n<link rel=\"canonical\" href=\"https:\/\/gefer.es\/?page_id=84\" \/>\n<meta property=\"og:locale\" content=\"es_ES\" \/>\n<meta property=\"og:type\" content=\"article\" \/>\n<meta property=\"og:title\" content=\"Tienda online - Gefer Studio\" \/>\n<meta property=\"og:description\" content=\"Tienda online Los productos y servicios de GeFer est\u00e1n pensados para ayudarte a construir una presencia digital s\u00f3lida: webs, hosting y prototipos listos para avanzar. \u00bfQu\u00e9 ofrecemos? En GeFer nos encargamos de crear p\u00e1ginas webs ideales para cualquier negocio. Dise\u00f1o web y hosting En GeFer nos encargamos de crear p\u00e1ginas web desde cero, ocup\u00e1ndonos de [&hellip;]\" \/>\n<meta property=\"og:url\" content=\"https:\/\/gefer.es\/?page_id=84\" \/>\n<meta property=\"og:site_name\" content=\"Gefer Studio\" \/>\n<meta property=\"article:modified_time\" content=\"2025-11-18T10:25:41+00:00\" \/>\n<meta name=\"twitter:card\" content=\"summary_large_image\" \/>\n<meta name=\"twitter:label1\" content=\"Tiempo de lectura\" \/>\n\t<meta name=\"twitter:data1\" content=\"2 minutos\" \/>\n<script type=\"application\/ld+json\" class=\"yoast-schema-graph\">{\"@context\":\"https:\/\/schema.org\",\"@graph\":[{\"@type\":\"WebPage\",\"@id\":\"https:\/\/gefer.es\/?page_id=84\",\"url\":\"https:\/\/gefer.es\/?page_id=84\",\"name\":\"Tienda online - Gefer Studio\",\"isPartOf\":{\"@id\":\"https:\/\/gefer.es\/#website\"},\"datePublished\":\"2025-10-30T10:37:02+00:00\",\"dateModified\":\"2025-11-18T10:25:41+00:00\",\"breadcrumb\":{\"@id\":\"https:\/\/gefer.es\/?page_id=84#breadcrumb\"},\"inLanguage\":\"es\",\"potentialAction\":[{\"@type\":\"ReadAction\",\"target\":[\"https:\/\/gefer.es\/?page_id=84\"]}]},{\"@type\":\"BreadcrumbList\",\"@id\":\"https:\/\/gefer.es\/?page_id=84#breadcrumb\",\"itemListElement\":[{\"@type\":\"ListItem\",\"position\":1,\"name\":\"Portada\",\"item\":\"https:\/\/gefer.es\/\"},{\"@type\":\"ListItem\",\"position\":2,\"name\":\"Tienda online\"}]},{\"@type\":\"WebSite\",\"@id\":\"https:\/\/gefer.es\/#website\",\"url\":\"https:\/\/gefer.es\/\",\"name\":\"Gefer Studio\",\"description\":\"\",\"publisher\":{\"@id\":\"https:\/\/gefer.es\/#organization\"},\"potentialAction\":[{\"@type\":\"SearchAction\",\"target\":{\"@type\":\"EntryPoint\",\"urlTemplate\":\"https:\/\/gefer.es\/?s={search_term_string}\"},\"query-input\":{\"@type\":\"PropertyValueSpecification\",\"valueRequired\":true,\"valueName\":\"search_term_string\"}}],\"inLanguage\":\"es\"},{\"@type\":\"Organization\",\"@id\":\"https:\/\/gefer.es\/#organization\",\"name\":\"Gefer Studio\",\"url\":\"https:\/\/gefer.es\/\",\"logo\":{\"@type\":\"ImageObject\",\"inLanguage\":\"es\",\"@id\":\"https:\/\/gefer.es\/#\/schema\/logo\/image\/\",\"url\":\"https:\/\/gefer.es\/wp-content\/uploads\/2025\/10\/gefer-logo.png\",\"contentUrl\":\"https:\/\/gefer.es\/wp-content\/uploads\/2025\/10\/gefer-logo.png\",\"width\":655,\"height\":376,\"caption\":\"Gefer Studio\"},\"image\":{\"@id\":\"https:\/\/gefer.es\/#\/schema\/logo\/image\/\"}}]}<\/script>\n<!-- \/ Yoast SEO plugin. -->","yoast_head_json":{"title":"Tienda online - Gefer Studio","robots":{"index":"index","follow":"follow","max-snippet":"max-snippet:-1","max-image-preview":"max-image-preview:large","max-video-preview":"max-video-preview:-1"},"canonical":"https:\/\/gefer.es\/?page_id=84","og_locale":"es_ES","og_type":"article","og_title":"Tienda online - Gefer Studio","og_description":"Tienda online Los productos y servicios de GeFer est\u00e1n pensados para ayudarte a construir una presencia digital s\u00f3lida: webs, hosting y prototipos listos para avanzar. \u00bfQu\u00e9 ofrecemos? En GeFer nos encargamos de crear p\u00e1ginas webs ideales para cualquier negocio. Dise\u00f1o web y hosting En GeFer nos encargamos de crear p\u00e1ginas web desde cero, ocup\u00e1ndonos de [&hellip;]","og_url":"https:\/\/gefer.es\/?page_id=84","og_site_name":"Gefer Studio","article_modified_time":"2025-11-18T10:25:41+00:00","twitter_card":"summary_large_image","twitter_misc":{"Tiempo de lectura":"2 minutos"},"schema":{"@context":"https:\/\/schema.org","@graph":[{"@type":"WebPage","@id":"https:\/\/gefer.es\/?page_id=84","url":"https:\/\/gefer.es\/?page_id=84","name":"Tienda online - Gefer Studio","isPartOf":{"@id":"https:\/\/gefer.es\/#website"},"datePublished":"2025-10-30T10:37:02+00:00","dateModified":"2025-11-18T10:25:41+00:00","breadcrumb":{"@id":"https:\/\/gefer.es\/?page_id=84#breadcrumb"},"inLanguage":"es","potentialAction":[{"@type":"ReadAction","target":["https:\/\/gefer.es\/?page_id=84"]}]},{"@type":"BreadcrumbList","@id":"https:\/\/gefer.es\/?page_id=84#breadcrumb","itemListElement":[{"@type":"ListItem","position":1,"name":"Portada","item":"https:\/\/gefer.es\/"},{"@type":"ListItem","position":2,"name":"Tienda online"}]},{"@type":"WebSite","@id":"https:\/\/gefer.es\/#website","url":"https:\/\/gefer.es\/","name":"Gefer Studio","description":"","publisher":{"@id":"https:\/\/gefer.es\/#organization"},"potentialAction":[{"@type":"SearchAction","target":{"@type":"EntryPoint","urlTemplate":"https:\/\/gefer.es\/?s={search_term_string}"},"query-input":{"@type":"PropertyValueSpecification","valueRequired":true,"valueName":"search_term_string"}}],"inLanguage":"es"},{"@type":"Organization","@id":"https:\/\/gefer.es\/#organization","name":"Gefer Studio","url":"https:\/\/gefer.es\/","logo":{"@type":"ImageObject","inLanguage":"es","@id":"https:\/\/gefer.es\/#\/schema\/logo\/image\/","url":"https:\/\/gefer.es\/wp-content\/uploads\/2025\/10\/gefer-logo.png","contentUrl":"https:\/\/gefer.es\/wp-content\/uploads\/2025\/10\/gefer-logo.png","width":655,"height":376,"caption":"Gefer Studio"},"image":{"@id":"https:\/\/gefer.es\/#\/schema\/logo\/image\/"}}]}},"_links":{"self":[{"href":"https:\/\/gefer.es\/index.php?rest_route=\/wp\/v2\/pages\/84","targetHints":{"allow":["GET"]}}],"collection":[{"href":"https:\/\/gefer.es\/index.php?rest_route=\/wp\/v2\/pages"}],"about":[{"href":"https:\/\/gefer.es\/index.php?rest_route=\/wp\/v2\/types\/page"}],"author":[{"embeddable":true,"href":"https:\/\/gefer.es\/index.php?rest_route=\/wp\/v2\/users\/1"}],"replies":[{"embeddable":true,"href":"https:\/\/gefer.es\/index.php?rest_route=%2Fwp%2Fv2%2Fcomments&post=84"}],"version-history":[{"count":34,"href":"https:\/\/gefer.es\/index.php?rest_route=\/wp\/v2\/pages\/84\/revisions"}],"predecessor-version":[{"id":369,"href":"https:\/\/gefer.es\/index.php?rest_route=\/wp\/v2\/pages\/84\/revisions\/369"}],"wp:attachment":[{"href":"https:\/\/gefer.es\/index.php?rest_route=%2Fwp%2Fv2%2Fmedia&parent=84"}],"curies":[{"name":"wp","href":"https:\/\/api.w.org\/{rel}","templated":true}]}}